{"id":179,"date":"2019-03-13T06:47:12","date_gmt":"2019-03-13T05:47:12","guid":{"rendered":"http:\/\/localhost\/buildbench\/?page_id=179"},"modified":"2023-01-18T13:35:04","modified_gmt":"2023-01-18T12:35:04","slug":"nos-services","status":"publish","type":"page","link":"https:\/\/ncagroupe.com\/es\/nos-services\/","title":{"rendered":"Nos services"},"content":{"rendered":"<div data-elementor-type=\"wp-post\" data-elementor-id=\"179\" class=\"elementor elementor-179\" data-elementor-settings=\"[]\">\n\t\t\t\t\t\t<div class=\"elementor-inner\">\n\t\t\t\t\t\t\t<div class=\"elementor-section-wrap\">\n\t\t\t\t\t\t\t<section class=\"elementor-section elementor-top-section elementor-element elementor-element-2aebdad9 elementor-section-boxed elementor-section-height-default elementor-section-height-default\" data-id=\"2aebdad9\" data-element_type=\"section\">\n\t\t\t\t\t\t<div class=\"elementor-container elementor-column-gap-default\">\n\t\t\t\t\t\t\t<div class=\"elementor-row\">\n\t\t\t\t\t<div class=\"elementor-column elementor-col-100 elementor-top-column elementor-element elementor-element-231ed921\" data-id=\"231ed921\" data-element_type=\"column\">\n\t\t\t<div class=\"elementor-column-wrap elementor-element-populated\">\n\t\t\t\t\t\t\t<div class=\"elementor-widget-wrap\">\n\t\t\t\t\t\t<div class=\"elementor-element elementor-element-758969b4 elementor-widget elementor-widget-buildbench-title\" data-id=\"758969b4\" data-element_type=\"widget\" data-widget_type=\"buildbench-title.default\">\n\t\t\t\t<div class=\"elementor-widget-container\">\n\t\t\t         <div class=\"section-heading-content\">\n            <h2 class=\"section-title\">\n                <span class=\"sub-title\">Nos Services<\/span>\n                 Prestations de qualit\u00e9                             <\/h2>\n         <\/div><!-- Section title -->\t\t\n\n     \n    \t\t<\/div>\n\t\t\t\t<\/div>\n\t\t\t\t<section class=\"elementor-section elementor-inner-section elementor-element elementor-element-1f49b16 elementor-section-boxed elementor-section-height-default elementor-section-height-default\" data-id=\"1f49b16\" data-element_type=\"section\">\n\t\t\t\t\t\t<div class=\"elementor-container elementor-column-gap-default\">\n\t\t\t\t\t\t\t<div class=\"elementor-row\">\n\t\t\t\t\t<div class=\"elementor-column elementor-col-33 elementor-inner-column elementor-element elementor-element-44b1dfd7 elementor-invisible\" data-id=\"44b1dfd7\" data-element_type=\"column\" data-settings=\"{&quot;animation&quot;:&quot;fadeInUp&quot;,&quot;animation_delay&quot;:350}\">\n\t\t\t<div class=\"elementor-column-wrap elementor-element-populated\">\n\t\t\t\t\t\t\t<div class=\"elementor-widget-wrap\">\n\t\t\t\t\t\t<div class=\"elementor-element elementor-element-5c079719 elementor-position-top elementor-vertical-align-top elementor-widget elementor-widget-image-box\" data-id=\"5c079719\" data-element_type=\"widget\" data-widget_type=\"image-box.default\">\n\t\t\t\t<div class=\"elementor-widget-container\">\n\t\t\t<div class=\"elementor-image-box-wrapper\"><figure class=\"elementor-image-box-img\"><img width=\"60\" height=\"60\" src=\"https:\/\/ncagroupe.com\/wp-content\/uploads\/2019\/03\/working2.png\" class=\"attachment-full size-full\" alt=\"\" loading=\"lazy\" \/><\/figure><div class=\"elementor-image-box-content\"><h3 class=\"elementor-image-box-title\">Etude<\/h3><p class=\"elementor-image-box-description\">Etude dans le domaine de la menuiserie et de la vitrerie<\/p><\/div><\/div>\t\t<\/div>\n\t\t\t\t<\/div>\n\t\t\t\t<div class=\"elementor-element elementor-element-4c0ccd53 elementor-position-top elementor-vertical-align-top elementor-widget elementor-widget-image-box\" data-id=\"4c0ccd53\" data-element_type=\"widget\" data-widget_type=\"image-box.default\">\n\t\t\t\t<div class=\"elementor-widget-container\">\n\t\t\t<div class=\"elementor-image-box-wrapper\"><figure class=\"elementor-image-box-img\"><img width=\"60\" height=\"60\" src=\"https:\/\/ncagroupe.com\/wp-content\/uploads\/2019\/03\/working4.png\" class=\"attachment-full size-full\" alt=\"\" loading=\"lazy\" \/><\/figure><div class=\"elementor-image-box-content\"><h3 class=\"elementor-image-box-title\">Formation<\/h3><p class=\"elementor-image-box-description\">Formation dans le domaine de la menuiserie et de la vitrerie<\/p><\/div><\/div>\t\t<\/div>\n\t\t\t\t<\/div>\n\t\t\t\t\t\t<\/div>\n\t\t\t\t\t<\/div>\n\t\t<\/div>\n\t\t\t\t<div class=\"elementor-column elementor-col-33 elementor-inner-column elementor-element elementor-element-498044eb elementor-invisible\" data-id=\"498044eb\" data-element_type=\"column\" data-settings=\"{&quot;animation&quot;:&quot;fadeInUp&quot;,&quot;animation_delay&quot;:400}\">\n\t\t\t<div class=\"elementor-column-wrap elementor-element-populated\">\n\t\t\t\t\t\t\t<div class=\"elementor-widget-wrap\">\n\t\t\t\t\t\t<div class=\"elementor-element elementor-element-41a69772 elementor-position-top elementor-vertical-align-top elementor-widget elementor-widget-image-box\" data-id=\"41a69772\" data-element_type=\"widget\" data-widget_type=\"image-box.default\">\n\t\t\t\t<div class=\"elementor-widget-container\">\n\t\t\t<div class=\"elementor-image-box-wrapper\"><figure class=\"elementor-image-box-img\"><img width=\"60\" height=\"60\" src=\"https:\/\/ncagroupe.com\/wp-content\/uploads\/2019\/03\/working1.png\" class=\"attachment-full size-full\" alt=\"\" loading=\"lazy\" \/><\/figure><div class=\"elementor-image-box-content\"><h3 class=\"elementor-image-box-title\">Conception<\/h3><p class=\"elementor-image-box-description\">Conception dans le domaine de la menuiserie et de la vitrerie<\/p><\/div><\/div>\t\t<\/div>\n\t\t\t\t<\/div>\n\t\t\t\t<div class=\"elementor-element elementor-element-394e4550 elementor-position-top elementor-vertical-align-top elementor-widget elementor-widget-image-box\" data-id=\"394e4550\" data-element_type=\"widget\" data-widget_type=\"image-box.default\">\n\t\t\t\t<div class=\"elementor-widget-container\">\n\t\t\t<div class=\"elementor-image-box-wrapper\"><figure class=\"elementor-image-box-img\"><img width=\"82\" height=\"82\" src=\"https:\/\/ncagroupe.com\/wp-content\/uploads\/2019\/03\/features3-1.png\" class=\"attachment-full size-full\" alt=\"\" loading=\"lazy\" \/><\/figure><div class=\"elementor-image-box-content\"><h3 class=\"elementor-image-box-title\">Rev\u00eatement<\/h3><p class=\"elementor-image-box-description\">Rev\u00eatement en mur rideau et en alucobond<\/p><\/div><\/div>\t\t<\/div>\n\t\t\t\t<\/div>\n\t\t\t\t\t\t<\/div>\n\t\t\t\t\t<\/div>\n\t\t<\/div>\n\t\t\t\t<div class=\"elementor-column elementor-col-33 elementor-inner-column elementor-element elementor-element-1297eb6a elementor-invisible\" data-id=\"1297eb6a\" data-element_type=\"column\" data-settings=\"{&quot;animation&quot;:&quot;fadeInUp&quot;,&quot;animation_delay&quot;:450}\">\n\t\t\t<div class=\"elementor-column-wrap elementor-element-populated\">\n\t\t\t\t\t\t\t<div class=\"elementor-widget-wrap\">\n\t\t\t\t\t\t<div class=\"elementor-element elementor-element-6712ff57 elementor-position-top elementor-vertical-align-top elementor-widget elementor-widget-image-box\" data-id=\"6712ff57\" data-element_type=\"widget\" data-widget_type=\"image-box.default\">\n\t\t\t\t<div class=\"elementor-widget-container\">\n\t\t\t<div class=\"elementor-image-box-wrapper\"><figure class=\"elementor-image-box-img\"><img width=\"62\" height=\"62\" src=\"https:\/\/ncagroupe.com\/wp-content\/uploads\/2019\/03\/service2.png\" class=\"attachment-full size-full\" alt=\"\" loading=\"lazy\" \/><\/figure><div class=\"elementor-image-box-content\"><h3 class=\"elementor-image-box-title\">Fabrication<\/h3><p class=\"elementor-image-box-description\">Fabrication et installation dans le domaine de la menuiserie et de la vitrerie\n<\/p><\/div><\/div>\t\t<\/div>\n\t\t\t\t<\/div>\n\t\t\t\t\t\t<\/div>\n\t\t\t\t\t<\/div>\n\t\t<\/div>\n\t\t\t\t\t\t\t\t<\/div>\n\t\t\t\t\t<\/div>\n\t\t<\/section>\n\t\t\t\t\t\t<\/div>\n\t\t\t\t\t<\/div>\n\t\t<\/div>\n\t\t\t\t\t\t\t\t<\/div>\n\t\t\t\t\t<\/div>\n\t\t<\/section>\n\t\t\t\t<section class=\"elementor-section elementor-top-section elementor-element elementor-element-32cb4bbb elementor-section-boxed elementor-section-height-default elementor-section-height-default\" data-id=\"32cb4bbb\" data-element_type=\"section\" data-settings=\"{&quot;background_background&quot;:&quot;classic&quot;}\">\n\t\t\t\t\t\t<div class=\"elementor-container elementor-column-gap-no\">\n\t\t\t\t\t\t\t<div class=\"elementor-row\">\n\t\t\t\t\t<div class=\"elementor-column elementor-col-100 elementor-top-column elementor-element elementor-element-1fcd3df\" data-id=\"1fcd3df\" data-element_type=\"column\">\n\t\t\t<div class=\"elementor-column-wrap elementor-element-populated\">\n\t\t\t\t\t\t\t<div class=\"elementor-widget-wrap\">\n\t\t\t\t\t\t<div class=\"elementor-element elementor-element-4e501976 elementor-widget elementor-widget-buildbench-title\" data-id=\"4e501976\" data-element_type=\"widget\" data-widget_type=\"buildbench-title.default\">\n\t\t\t\t<div class=\"elementor-widget-container\">\n\t\t\t         <div class=\"section-heading-content\">\n            <h2 class=\"section-title\">\n                <span class=\"sub-title\">Que disent nos clients<\/span>\n                 T\u00e9moignages                             <\/h2>\n         <\/div><!-- Section title -->\t\t\n\n     \n    \t\t<\/div>\n\t\t\t\t<\/div>\n\t\t\t\t<div class=\"elementor-element elementor-element-577047aa elementor-widget elementor-widget-buildbench-testimonial\" data-id=\"577047aa\" data-element_type=\"widget\" data-widget_type=\"buildbench-testimonial.default\">\n\t\t\t\t<div class=\"elementor-widget-container\">\n\t\t\t       <section class=\"ts-testimonial-standard\">\n      <div class=\"testimonial-carousel owl-carousel\">\n          \n               <div class=\"testimonial-author-content\">\n                  <span class=\"testimonial-text\">\n                     <i class=\"fa fa-quote-left\" aria-hidden=\"true\"><\/i>\n                     Ma premi\u00e8re exp\u00e9rience avec le groupe NCA m&#039;a amen\u00e9 \u00e0 les contacter une seconde fois. Je suis tr\u00e8s satisfait du travail en alucobond qu&#039;ils m&#039;ont fourni. Je n&#039;h\u00e9siterai pas \u00e0 les recontacter. je vous les recommande                  <\/span>\n                  <div class=\"testimonial-footer clearfix\">\n                                                \n                        <div class=\"pull-left mr-15\">\n                           <img src=\"http:\/\/ncagroupe.com\/wp-content\/uploads\/2021\/11\/man-300x300-1.png\"  alt=\"Testimoinal\" class=\"img-fluid testimonial-img\">\n                        <\/div>     \n                     \n                                                   <h3 class=\"author-name\"> \n                              Palais de la Gratitude \n                           <\/h3>\n                           <span class=\"author-designation\"> \n                              Ma\u00eetre d&#039;ouvrage \n                           <\/span>\n                  <\/div>\n            <\/div>\n          \n               <div class=\"testimonial-author-content\">\n                  <span class=\"testimonial-text\">\n                     <i class=\"fa fa-quote-left\" aria-hidden=\"true\"><\/i>\n                     Suite \u00e0 une recommandation, j&#039;ai contact\u00e9 le groupe NCA pour la r\u00e9alisation des baies vitr\u00e9es de mon immeuble \u00e0 Lom Nava. J&#039;ai \u00e9t\u00e9 s\u00e9duit et satisfait par leur m\u00e9thode de travail, leur organisation et la finesse du travail. Je vous les recommande vivement.                  <\/span>\n                  <div class=\"testimonial-footer clearfix\">\n                                                \n                        <div class=\"pull-left mr-15\">\n                           <img src=\"http:\/\/ncagroupe.com\/wp-content\/uploads\/2021\/11\/926463.png\"  alt=\"Testimoinal\" class=\"img-fluid testimonial-img\">\n                        <\/div>     \n                     \n                                                   <h3 class=\"author-name\"> \n                              El Hajj AFISSOU \n                           <\/h3>\n                           <span class=\"author-designation\"> \n                              Commercant \n                           <\/span>\n                  <\/div>\n            <\/div>\n          \n               <div class=\"testimonial-author-content\">\n                  <span class=\"testimonial-text\">\n                     <i class=\"fa fa-quote-left\" aria-hidden=\"true\"><\/i>\n                     Suite \u00e0 une rencontre avec l&#039;\u00e9quipe du groupe NCA sur un site de l&#039;ancien Ministre du Commerce du B\u00e9nin et satisfait de leur prestation ; Je travaille avec eux depuis ce jour sur de nouveaux sites. Tous les clients sont satisfaits                  <\/span>\n                  <div class=\"testimonial-footer clearfix\">\n                                                \n                        <div class=\"pull-left mr-15\">\n                           <img src=\"http:\/\/ncagroupe.com\/wp-content\/uploads\/2021\/11\/avatar-372-456324-300x300-1.png\"  alt=\"Testimoinal\" class=\"img-fluid testimonial-img\">\n                        <\/div>     \n                     \n                                                   <h3 class=\"author-name\"> \n                              ADJOVI Carlos \n                           <\/h3>\n                           <span class=\"author-designation\"> \n                              Ing\u00e9nieur \n                           <\/span>\n                  <\/div>\n            <\/div>\n                 \n      <\/div>\n   <\/section>\n   \n      \t\t<\/div>\n\t\t\t\t<\/div>\n\t\t\t\t\t\t<\/div>\n\t\t\t\t\t<\/div>\n\t\t<\/div>\n\t\t\t\t\t\t\t\t<\/div>\n\t\t\t\t\t<\/div>\n\t\t<\/section>\n\t\t\t\t\t\t<\/div>\n\t\t\t\t\t\t<\/div>\n\t\t\t\t\t<\/div>","protected":false},"excerpt":{"rendered":"<p>Nos Services Prestations de qualit\u00e9 Etude Etude dans le domaine de la menuiserie et de la vitrerie Formation Formation dans le domaine de la menuiserie et de la vitrerie Conception Conception dans le domaine de la menuiserie et de la vitrerie Rev\u00eatement Rev\u00eatement en mur rideau et en alucobond Fabrication Fabrication et installation dans le [&hellip;]<\/p>","protected":false},"author":1,"featured_media":0,"parent":0,"menu_order":0,"comment_status":"closed","ping_status":"closed","template":"template\/full-width-template.php","meta":{"om_disable_all_campaigns":false,"_monsterinsights_skip_tracking":false,"_monsterinsights_sitenote_active":false,"_monsterinsights_sitenote_note":"","_monsterinsights_sitenote_category":0},"_links":{"self":[{"href":"https:\/\/ncagroupe.com\/es\/wp-json\/wp\/v2\/pages\/179"}],"collection":[{"href":"https:\/\/ncagroupe.com\/es\/wp-json\/wp\/v2\/pages"}],"about":[{"href":"https:\/\/ncagroupe.com\/es\/wp-json\/wp\/v2\/types\/page"}],"author":[{"embeddable":true,"href":"https:\/\/ncagroupe.com\/es\/wp-json\/wp\/v2\/users\/1"}],"replies":[{"embeddable":true,"href":"https:\/\/ncagroupe.com\/es\/wp-json\/wp\/v2\/comments?post=179"}],"version-history":[{"count":4,"href":"https:\/\/ncagroupe.com\/es\/wp-json\/wp\/v2\/pages\/179\/revisions"}],"predecessor-version":[{"id":2673,"href":"https:\/\/ncagroupe.com\/es\/wp-json\/wp\/v2\/pages\/179\/revisions\/2673"}],"wp:attachment":[{"href":"https:\/\/ncagroupe.com\/es\/wp-json\/wp\/v2\/media?parent=179"}],"curies":[{"name":"wp","href":"https:\/\/api.w.org\/{rel}","templated":true}]}}