{"id":162,"date":"2019-03-13T06:41:09","date_gmt":"2019-03-13T05:41:09","guid":{"rendered":"http:\/\/localhost\/buildbench\/?page_id=162"},"modified":"2023-01-18T13:32:39","modified_gmt":"2023-01-18T12:32:39","slug":"qui-sommes-nous","status":"publish","type":"page","link":"https:\/\/ncagroupe.com\/es\/qui-sommes-nous\/","title":{"rendered":"Qui sommes nous"},"content":{"rendered":"<div data-elementor-type=\"wp-post\" data-elementor-id=\"162\" class=\"elementor elementor-162\" data-elementor-settings=\"[]\">\n\t\t\t\t\t\t<div class=\"elementor-inner\">\n\t\t\t\t\t\t\t<div class=\"elementor-section-wrap\">\n\t\t\t\t\t\t\t<section class=\"elementor-section elementor-top-section elementor-element elementor-element-d89861c elementor-section-boxed elementor-section-height-default elementor-section-height-default\" data-id=\"d89861c\" data-element_type=\"section\">\n\t\t\t\t\t\t<div class=\"elementor-container elementor-column-gap-default\">\n\t\t\t\t\t\t\t<div class=\"elementor-row\">\n\t\t\t\t\t<div class=\"elementor-column elementor-col-50 elementor-top-column elementor-element elementor-element-d6ac4d7\" data-id=\"d6ac4d7\" data-element_type=\"column\">\n\t\t\t<div class=\"elementor-column-wrap elementor-element-populated\">\n\t\t\t\t\t\t\t<div class=\"elementor-widget-wrap\">\n\t\t\t\t\t\t<div class=\"elementor-element elementor-element-337b655 elementor-widget elementor-widget-buildbench-title\" data-id=\"337b655\" data-element_type=\"widget\" data-widget_type=\"buildbench-title.default\">\n\t\t\t\t<div class=\"elementor-widget-container\">\n\t\t\t         <div class=\"section-heading-content\">\n            <h2 class=\"section-title\">\n                <span class=\"sub-title\">NCA GROUPE<\/span>\n                 Entreprise de r\u00e9alisation des Structures en Aluminuim-Vitrerie.                             <\/h2>\n         <\/div><!-- Section title -->\t\t\n\n     \n    \t\t<\/div>\n\t\t\t\t<\/div>\n\t\t\t\t<div class=\"elementor-element elementor-element-ee997aa elementor-widget elementor-widget-text-editor\" data-id=\"ee997aa\" data-element_type=\"widget\" data-widget_type=\"text-editor.default\">\n\t\t\t\t<div class=\"elementor-widget-container\">\n\t\t\t\t\t\t\t\t<div class=\"elementor-text-editor elementor-clearfix\">\n\t\t\t\t<p class=\"p1\">NCA GROUPE est une entreprise de r\u00e9f\u00e9rence en mati\u00e8re de menuiserie aluminium et Vitrerie sp\u00e9cialis\u00e9e dans l\u2019\u00e9tude, la conception, la fabrication, l\u2019installation et la formation. De m\u00eame, nous sommes pr\u00eats pour vous apporter notre expertise dans le secteur des rev\u00eatements en rideau comme en alucobond.<\/p>\t\t\t\t\t<\/div>\n\t\t\t\t\t\t<\/div>\n\t\t\t\t<\/div>\n\t\t\t\t<section class=\"elementor-section elementor-inner-section elementor-element elementor-element-5ce0e46 elementor-section-boxed elementor-section-height-default elementor-section-height-default\" data-id=\"5ce0e46\" data-element_type=\"section\">\n\t\t\t\t\t\t<div class=\"elementor-container elementor-column-gap-default\">\n\t\t\t\t\t\t\t<div class=\"elementor-row\">\n\t\t\t\t\t<div class=\"elementor-column elementor-col-50 elementor-inner-column elementor-element elementor-element-b87b157\" data-id=\"b87b157\" data-element_type=\"column\">\n\t\t\t<div class=\"elementor-column-wrap elementor-element-populated\">\n\t\t\t\t\t\t\t<div class=\"elementor-widget-wrap\">\n\t\t\t\t\t\t<div class=\"elementor-element elementor-element-fd1e536 elementor-align-left elementor-widget elementor-widget-button\" data-id=\"fd1e536\" data-element_type=\"widget\" data-widget_type=\"button.default\">\n\t\t\t\t<div class=\"elementor-widget-container\">\n\t\t\t\t\t<div class=\"elementor-button-wrapper\">\n\t\t\t<a href=\"https:\/\/ncagroupe.com\/es\/nos-services\/\" class=\"elementor-button-link elementor-button elementor-size-md\" role=\"button\">\n\t\t\t\t\t\t<span class=\"elementor-button-content-wrapper\">\n\t\t\t\t\t\t<span class=\"elementor-button-icon elementor-align-icon-right\">\n\t\t\t\t\t\t\t\t\t<i class=\"icon icon-arrow-right\" aria-hidden=\"true\"><\/i>\n\t\t\t\t\t\t\t<\/span>\n\t\t\t\t\t\t<span class=\"elementor-button-text\">Nos services<\/span>\n\t\t<\/span>\n\t\t\t\t\t<\/a>\n\t\t<\/div>\n\t\t\t\t<\/div>\n\t\t\t\t<\/div>\n\t\t\t\t\t\t<\/div>\n\t\t\t\t\t<\/div>\n\t\t<\/div>\n\t\t\t\t<div class=\"elementor-column elementor-col-50 elementor-inner-column elementor-element elementor-element-a281988\" data-id=\"a281988\" data-element_type=\"column\">\n\t\t\t<div class=\"elementor-column-wrap elementor-element-populated\">\n\t\t\t\t\t\t\t<div class=\"elementor-widget-wrap\">\n\t\t\t\t\t\t<div class=\"elementor-element elementor-element-0dec521 elementor-align-left elementor-widget elementor-widget-button\" data-id=\"0dec521\" data-element_type=\"widget\" data-widget_type=\"button.default\">\n\t\t\t\t<div class=\"elementor-widget-container\">\n\t\t\t\t\t<div class=\"elementor-button-wrapper\">\n\t\t\t<a href=\"https:\/\/ncagroupe.com\/es\/contact\/\" class=\"elementor-button-link elementor-button elementor-size-md\" role=\"button\">\n\t\t\t\t\t\t<span class=\"elementor-button-content-wrapper\">\n\t\t\t\t\t\t<span class=\"elementor-button-icon elementor-align-icon-right\">\n\t\t\t\t\t\t\t\t\t<i class=\"icon icon-arrow-right\" aria-hidden=\"true\"><\/i>\n\t\t\t\t\t\t\t<\/span>\n\t\t\t\t\t\t<span class=\"elementor-button-text\">Contact<\/span>\n\t\t<\/span>\n\t\t\t\t\t<\/a>\n\t\t<\/div>\n\t\t\t\t<\/div>\n\t\t\t\t<\/div>\n\t\t\t\t\t\t<\/div>\n\t\t\t\t\t<\/div>\n\t\t<\/div>\n\t\t\t\t\t\t\t\t<\/div>\n\t\t\t\t\t<\/div>\n\t\t<\/section>\n\t\t\t\t\t\t<\/div>\n\t\t\t\t\t<\/div>\n\t\t<\/div>\n\t\t\t\t<div class=\"elementor-column elementor-col-50 elementor-top-column elementor-element elementor-element-efed08e\" data-id=\"efed08e\" data-element_type=\"column\">\n\t\t\t<div class=\"elementor-column-wrap elementor-element-populated\">\n\t\t\t\t\t\t\t<div class=\"elementor-widget-wrap\">\n\t\t\t\t\t\t<div class=\"elementor-element elementor-element-f5af287 elementor-widget elementor-widget-image\" data-id=\"f5af287\" data-element_type=\"widget\" data-widget_type=\"image.default\">\n\t\t\t\t<div class=\"elementor-widget-container\">\n\t\t\t\t\t\t\t\t<div class=\"elementor-image\">\n\t\t\t\t\t\t\t\t\t\t\t\t<img width=\"540\" height=\"540\" src=\"https:\/\/ncagroupe.com\/wp-content\/uploads\/2021\/10\/nca-logo.png\" class=\"attachment-large size-large\" alt=\"\" loading=\"lazy\" srcset=\"https:\/\/ncagroupe.com\/wp-content\/uploads\/2021\/10\/nca-logo.png 540w, https:\/\/ncagroupe.com\/wp-content\/uploads\/2021\/10\/nca-logo-300x300.png 300w, https:\/\/ncagroupe.com\/wp-content\/uploads\/2021\/10\/nca-logo-150x150.png 150w, https:\/\/ncagroupe.com\/wp-content\/uploads\/2021\/10\/nca-logo-12x12.png 12w\" sizes=\"(max-width: 540px) 100vw, 540px\" \/>\t\t\t\t\t\t\t\t\t\t\t\t\t\t<\/div>\n\t\t\t\t\t\t<\/div>\n\t\t\t\t<\/div>\n\t\t\t\t\t\t<\/div>\n\t\t\t\t\t<\/div>\n\t\t<\/div>\n\t\t\t\t\t\t\t\t<\/div>\n\t\t\t\t\t<\/div>\n\t\t<\/section>\n\t\t\t\t<section class=\"elementor-section elementor-top-section elementor-element elementor-element-393e33ca elementor-section-boxed elementor-section-height-default elementor-section-height-default\" data-id=\"393e33ca\" data-element_type=\"section\" data-settings=\"{&quot;background_background&quot;:&quot;classic&quot;}\">\n\t\t\t\t\t\t<div class=\"elementor-container elementor-column-gap-default\">\n\t\t\t\t\t\t\t<div class=\"elementor-row\">\n\t\t\t\t\t<div class=\"elementor-column elementor-col-50 elementor-top-column elementor-element elementor-element-78d60d32 elementor-invisible\" data-id=\"78d60d32\" data-element_type=\"column\" data-settings=\"{&quot;animation&quot;:&quot;fadeInUp&quot;,&quot;animation_delay&quot;:350}\">\n\t\t\t<div class=\"elementor-column-wrap elementor-element-populated\">\n\t\t\t\t\t\t\t<div class=\"elementor-widget-wrap\">\n\t\t\t\t\t\t<div class=\"elementor-element elementor-element-44be9817 elementor-widget elementor-widget-buildbench-title\" data-id=\"44be9817\" data-element_type=\"widget\" data-widget_type=\"buildbench-title.default\">\n\t\t\t\t<div class=\"elementor-widget-container\">\n\t\t\t         <div class=\"section-heading-content\">\n            <h2 class=\"section-title\">\n                <span class=\"sub-title\"><\/span>\n                 Votre partenaire de confiance en construction                             <\/h2>\n         <\/div><!-- Section title -->\t\t\n\n     \n    \t\t<\/div>\n\t\t\t\t<\/div>\n\t\t\t\t<div class=\"elementor-element elementor-element-7d04fc7d elementor-widget elementor-widget-text-editor\" data-id=\"7d04fc7d\" data-element_type=\"widget\" data-widget_type=\"text-editor.default\">\n\t\t\t\t<div class=\"elementor-widget-container\">\n\t\t\t\t\t\t\t\t<div class=\"elementor-text-editor elementor-clearfix\">\n\t\t\t\t<p>Tout devrait \u00eatre aussi simple qu&rsquo;il l&rsquo;est, mais pas plus simple que vous<\/p>\t\t\t\t\t<\/div>\n\t\t\t\t\t\t<\/div>\n\t\t\t\t<\/div>\n\t\t\t\t\t\t<\/div>\n\t\t\t\t\t<\/div>\n\t\t<\/div>\n\t\t\t\t<div class=\"elementor-column elementor-col-50 elementor-top-column elementor-element elementor-element-1fe48b79 elementor-invisible\" data-id=\"1fe48b79\" data-element_type=\"column\" data-settings=\"{&quot;animation&quot;:&quot;fadeInUp&quot;,&quot;animation_delay&quot;:400}\">\n\t\t\t<div class=\"elementor-column-wrap elementor-element-populated\">\n\t\t\t\t\t\t\t<div class=\"elementor-widget-wrap\">\n\t\t\t\t\t\t<div class=\"elementor-element elementor-element-414d2fd9 elementor-align-right elementor-mobile-align-left elementor-widget elementor-widget-button\" data-id=\"414d2fd9\" data-element_type=\"widget\" data-widget_type=\"button.default\">\n\t\t\t\t<div class=\"elementor-widget-container\">\n\t\t\t\t\t<div class=\"elementor-button-wrapper\">\n\t\t\t<a href=\"https:\/\/ncagroupe.com\/es\/contact\/\" class=\"elementor-button-link elementor-button elementor-size-md\" role=\"button\">\n\t\t\t\t\t\t<span class=\"elementor-button-content-wrapper\">\n\t\t\t\t\t\t<span class=\"elementor-button-icon elementor-align-icon-right\">\n\t\t\t\t\t\t\t\t\t<i class=\"icon icon-arrow-right\" aria-hidden=\"true\"><\/i>\n\t\t\t\t\t\t\t<\/span>\n\t\t\t\t\t\t<span class=\"elementor-button-text\">Contactez-nous<\/span>\n\t\t<\/span>\n\t\t\t\t\t<\/a>\n\t\t<\/div>\n\t\t\t\t<\/div>\n\t\t\t\t<\/div>\n\t\t\t\t\t\t<\/div>\n\t\t\t\t\t<\/div>\n\t\t<\/div>\n\t\t\t\t\t\t\t\t<\/div>\n\t\t\t\t\t<\/div>\n\t\t<\/section>\n\t\t\t\t<section class=\"elementor-section elementor-top-section elementor-element elementor-element-52bc335 elementor-section-boxed elementor-section-height-default elementor-section-height-default\" data-id=\"52bc335\" data-element_type=\"section\" data-settings=\"{&quot;background_background&quot;:&quot;classic&quot;}\">\n\t\t\t\t\t\t<div class=\"elementor-container elementor-column-gap-no\">\n\t\t\t\t\t\t\t<div class=\"elementor-row\">\n\t\t\t\t\t<div class=\"elementor-column elementor-col-100 elementor-top-column elementor-element elementor-element-5fabee3\" data-id=\"5fabee3\" data-element_type=\"column\">\n\t\t\t<div class=\"elementor-column-wrap elementor-element-populated\">\n\t\t\t\t\t\t\t<div class=\"elementor-widget-wrap\">\n\t\t\t\t\t\t<div class=\"elementor-element elementor-element-de6747a elementor-widget elementor-widget-buildbench-title\" data-id=\"de6747a\" data-element_type=\"widget\" data-widget_type=\"buildbench-title.default\">\n\t\t\t\t<div class=\"elementor-widget-container\">\n\t\t\t         <div class=\"section-heading-content\">\n            <h2 class=\"section-title\">\n                <span class=\"sub-title\">Que disent nos clients?<\/span>\n                  T\u00e9moignages\u200b                             <\/h2>\n         <\/div><!-- Section title -->\t\t\n\n     \n    \t\t<\/div>\n\t\t\t\t<\/div>\n\t\t\t\t<div class=\"elementor-element elementor-element-80b4798 elementor-widget elementor-widget-buildbench-testimonial\" data-id=\"80b4798\" data-element_type=\"widget\" data-widget_type=\"buildbench-testimonial.default\">\n\t\t\t\t<div class=\"elementor-widget-container\">\n\t\t\t       <section class=\"ts-testimonial-standard\">\n      <div class=\"testimonial-carousel owl-carousel\">\n          \n               <div class=\"testimonial-author-content\">\n                  <span class=\"testimonial-text\">\n                     <i class=\"fa fa-quote-left\" aria-hidden=\"true\"><\/i>\n                     Ma premi\u00e8re exp\u00e9rience avec le groupe NCA m&#039;a amen\u00e9 \u00e0 les contacter une seconde fois. Je suis tr\u00e8s satisfait du travail en alucobond qu&#039;ils m&#039;ont fourni. Je n&#039;h\u00e9siterai pas \u00e0 les recontacter. je vous les recommande                  <\/span>\n                  <div class=\"testimonial-footer clearfix\">\n                                                \n                        <div class=\"pull-left mr-15\">\n                           <img src=\"http:\/\/ncagroupe.com\/wp-content\/uploads\/2021\/11\/man-300x300-1.png\"  alt=\"Testimoinal\" class=\"img-fluid testimonial-img\">\n                        <\/div>     \n                     \n                                                   <h3 class=\"author-name\"> \n                              Palais de la Gratitude \n                           <\/h3>\n                           <span class=\"author-designation\"> \n                              Ma\u00eetre d&#039;ouvrage \n                           <\/span>\n                  <\/div>\n            <\/div>\n          \n               <div class=\"testimonial-author-content\">\n                  <span class=\"testimonial-text\">\n                     <i class=\"fa fa-quote-left\" aria-hidden=\"true\"><\/i>\n                     Suite \u00e0 une recommandation, j&#039;ai contact\u00e9 le groupe NCA pour la r\u00e9alisation des baies vitr\u00e9es de mon immeuble \u00e0 Lom Nava. J&#039;ai \u00e9t\u00e9 s\u00e9duit et satisfait par leur m\u00e9thode de travail, leur organisation et la finesse du travail. Je vous les recommande vivement.                  <\/span>\n                  <div class=\"testimonial-footer clearfix\">\n                                                \n                        <div class=\"pull-left mr-15\">\n                           <img src=\"http:\/\/ncagroupe.com\/wp-content\/uploads\/2021\/11\/926463.png\"  alt=\"Testimoinal\" class=\"img-fluid testimonial-img\">\n                        <\/div>     \n                     \n                                                   <h3 class=\"author-name\"> \n                              El Hajj AFISSOU \n                           <\/h3>\n                           <span class=\"author-designation\"> \n                              Commercant \n                           <\/span>\n                  <\/div>\n            <\/div>\n          \n               <div class=\"testimonial-author-content\">\n                  <span class=\"testimonial-text\">\n                     <i class=\"fa fa-quote-left\" aria-hidden=\"true\"><\/i>\n                     Suite \u00e0 une rencontre avec l&#039;\u00e9quipe du groupe NCA sur un site de l&#039;ancien Ministre du Commerce du B\u00e9nin et satisfait de leur prestation ; Je travaille avec eux depuis ce jour sur de nouveaux sites. Tous les clients sont satisfaits                  <\/span>\n                  <div class=\"testimonial-footer clearfix\">\n                                                \n                        <div class=\"pull-left mr-15\">\n                           <img src=\"http:\/\/ncagroupe.com\/wp-content\/uploads\/2021\/11\/avatar-372-456324-300x300-1.png\"  alt=\"Testimoinal\" class=\"img-fluid testimonial-img\">\n                        <\/div>     \n                     \n                                                   <h3 class=\"author-name\"> \n                              ADJOVI Carlos \n                           <\/h3>\n                           <span class=\"author-designation\"> \n                              Ing\u00e9nieur \n                           <\/span>\n                  <\/div>\n            <\/div>\n                 \n      <\/div>\n   <\/section>\n   \n      \t\t<\/div>\n\t\t\t\t<\/div>\n\t\t\t\t\t\t<\/div>\n\t\t\t\t\t<\/div>\n\t\t<\/div>\n\t\t\t\t\t\t\t\t<\/div>\n\t\t\t\t\t<\/div>\n\t\t<\/section>\n\t\t\t\t\t\t<\/div>\n\t\t\t\t\t\t<\/div>\n\t\t\t\t\t<\/div>","protected":false},"excerpt":{"rendered":"<p>NCA GROUPE Entreprise de r\u00e9alisation des Structures en Aluminuim-Vitrerie. NCA GROUPE est une entreprise de r\u00e9f\u00e9rence en mati\u00e8re de menuiserie aluminium et Vitrerie sp\u00e9cialis\u00e9e dans l\u2019\u00e9tude, la conception, la fabrication, l\u2019installation et la formation. De m\u00eame, nous sommes pr\u00eats pour vous apporter notre expertise dans le secteur des rev\u00eatements en rideau comme en alucobond. Nos [&hellip;]<\/p>","protected":false},"author":1,"featured_media":0,"parent":0,"menu_order":0,"comment_status":"closed","ping_status":"closed","template":"template\/full-width-template.php","meta":{"om_disable_all_campaigns":false,"_monsterinsights_skip_tracking":false,"_monsterinsights_sitenote_active":false,"_monsterinsights_sitenote_note":"","_monsterinsights_sitenote_category":0},"_links":{"self":[{"href":"https:\/\/ncagroupe.com\/es\/wp-json\/wp\/v2\/pages\/162"}],"collection":[{"href":"https:\/\/ncagroupe.com\/es\/wp-json\/wp\/v2\/pages"}],"about":[{"href":"https:\/\/ncagroupe.com\/es\/wp-json\/wp\/v2\/types\/page"}],"author":[{"embeddable":true,"href":"https:\/\/ncagroupe.com\/es\/wp-json\/wp\/v2\/users\/1"}],"replies":[{"embeddable":true,"href":"https:\/\/ncagroupe.com\/es\/wp-json\/wp\/v2\/comments?post=162"}],"version-history":[{"count":14,"href":"https:\/\/ncagroupe.com\/es\/wp-json\/wp\/v2\/pages\/162\/revisions"}],"predecessor-version":[{"id":2670,"href":"https:\/\/ncagroupe.com\/es\/wp-json\/wp\/v2\/pages\/162\/revisions\/2670"}],"wp:attachment":[{"href":"https:\/\/ncagroupe.com\/es\/wp-json\/wp\/v2\/media?parent=162"}],"curies":[{"name":"wp","href":"https:\/\/api.w.org\/{rel}","templated":true}]}}